{"id":9721,"date":"2020-05-01T10:55:01","date_gmt":"2020-05-01T10:55:01","guid":{"rendered":"https:\/\/www.karemyumurta.com\/iletisim\/"},"modified":"2022-09-18T22:28:28","modified_gmt":"2022-09-18T22:28:28","slug":"contact","status":"publish","type":"page","link":"https:\/\/www.karemyumurta.com\/en\/contact\/","title":{"rendered":"Contact"},"content":{"rendered":"\t\t<div data-elementor-type=\"wp-page\" data-elementor-id=\"9721\" class=\"elementor elementor-9721 elementor-2090\">\n\t\t\t\t\t\t<section class=\"elementor-section elementor-top-section elementor-element elementor-element-61979b9 elementor-section-full_width elementor-section-height-default elementor-section-height-default\" data-id=\"61979b9\" data-element_type=\"section\" data-e-type=\"section\">\n\t\t\t\t\t\t<div class=\"elementor-container elementor-column-gap-no\">\n\t\t\t\t\t<div class=\"elementor-column elementor-col-33 elementor-top-column elementor-element elementor-element-a252a5a\" data-id=\"a252a5a\" data-element_type=\"column\" data-e-type=\"column\" data-settings=\"{&quot;background_background&quot;:&quot;classic&quot;}\">\n\t\t\t<div class=\"elementor-widget-wrap elementor-element-populated\">\n\t\t\t\t\t\t<div class=\"elementor-element elementor-element-7cf8efb elementor-widget elementor-widget-rs-contact-box\" data-id=\"7cf8efb\" data-element_type=\"widget\" data-e-type=\"widget\" data-widget_type=\"rs-contact-box.default\">\n\t\t\t\t<div class=\"elementor-widget-container\">\n\t\t\t\t\t\t\t\r\n\r\n\t\t<!-- Style 1 Start -->\r\n\t\t<div class=\"rs-contact-box\">\r\n\r\n\t\t\t\t\t\t<div class=\"address-item vertical boxstyle1\">\r\n\r\n\t\t\t\t\t\t\t            <div class=\"address-icon\">\r\n\t\t            \t\t\t            \t\t<i class=\"fa fa-at\"><\/i>\r\n\t\t            \t\t\t            <\/div>\r\n\t\t            \r\n\t\t            <div class=\"address-text\">\r\n\t\t            \t\t\t            \t<div class=\"text\">\r\n\t\t            \t\t\t\t            \t\t <span class=\"label\">Phone Number<\/span>\r\n\t\t            \t\t\t\t            \t\t\t\t            \t\t<span class=\"des\">\r\n\t\t\t\t                +90 530 785 71 25\t\t\t\t            <\/span>\r\n\t\t\t\t            \t\t\t            <\/div>\r\n\t\t\t       \t\t\r\n\r\n\t\t            \t\r\n\r\n\t\t            \t\t\t            <\/div>\r\n\t\t        <\/div>\r\n\t\t\t\t\t<\/div>\r\n\r\n\t<!-- Style 1 End -->\t\r\n\t\t\r\n\t\t\t\t\t<\/div>\n\t\t\t\t<\/div>\n\t\t\t\t\t<\/div>\n\t\t<\/div>\n\t\t\t\t<div class=\"elementor-column elementor-col-33 elementor-top-column elementor-element elementor-element-6f9839d\" data-id=\"6f9839d\" data-element_type=\"column\" data-e-type=\"column\" data-settings=\"{&quot;background_background&quot;:&quot;classic&quot;}\">\n\t\t\t<div class=\"elementor-widget-wrap elementor-element-populated\">\n\t\t\t\t\t\t<div class=\"elementor-element elementor-element-03a156b elementor-widget elementor-widget-rs-contact-box\" data-id=\"03a156b\" data-element_type=\"widget\" data-e-type=\"widget\" data-widget_type=\"rs-contact-box.default\">\n\t\t\t\t<div class=\"elementor-widget-container\">\n\t\t\t\t\t\t\t\r\n\r\n\t\t<!-- Style 1 Start -->\r\n\t\t<div class=\"rs-contact-box\">\r\n\r\n\t\t\t\t\t\t<div class=\"address-item vertical boxstyle1\">\r\n\r\n\t\t\t\t\t\t\t            <div class=\"address-icon\">\r\n\t\t            \t\t\t            \t\t<i class=\"fa fa-envelope-o\"><\/i>\r\n\t\t            \t\t\t            <\/div>\r\n\t\t            \r\n\t\t            <div class=\"address-text\">\r\n\t\t            \t\t\t            \t<div class=\"text\">\r\n\t\t            \t\t\t\t            \t\t <span class=\"label\">Email Address<\/span>\r\n\t\t            \t\t\t\t            \t\t\t\t            \t\t<span class=\"des\">\r\n\t\t\t\t                info@karemyumurta.com\t\t\t\t            <\/span>\r\n\t\t\t\t            \t\t\t            <\/div>\r\n\t\t\t       \t\t\r\n\r\n\t\t            \t\r\n\r\n\t\t            \t\t\t            <\/div>\r\n\t\t        <\/div>\r\n\t\t\t\t\t<\/div>\r\n\r\n\t<!-- Style 1 End -->\t\r\n\t\t\r\n\t\t\t\t\t<\/div>\n\t\t\t\t<\/div>\n\t\t\t\t\t<\/div>\n\t\t<\/div>\n\t\t\t\t<div class=\"elementor-column elementor-col-33 elementor-top-column elementor-element elementor-element-6f08c6a\" data-id=\"6f08c6a\" data-element_type=\"column\" data-e-type=\"column\" data-settings=\"{&quot;background_background&quot;:&quot;classic&quot;}\">\n\t\t\t<div class=\"elementor-widget-wrap elementor-element-populated\">\n\t\t\t\t\t\t<div class=\"elementor-element elementor-element-b9336f9 elementor-widget elementor-widget-rs-contact-box\" data-id=\"b9336f9\" data-element_type=\"widget\" data-e-type=\"widget\" data-widget_type=\"rs-contact-box.default\">\n\t\t\t\t<div class=\"elementor-widget-container\">\n\t\t\t\t\t\t\t\r\n\r\n\t\t<!-- Style 1 Start -->\r\n\t\t<div class=\"rs-contact-box\">\r\n\r\n\t\t\t\t\t\t<div class=\"address-item vertical boxstyle1\">\r\n\r\n\t\t\t\t\t\t\t            <div class=\"address-icon\">\r\n\t\t            \t\t\t            \t\t<i class=\"fa fa-map-o\"><\/i>\r\n\t\t            \t\t\t            <\/div>\r\n\t\t            \r\n\t\t            <div class=\"address-text\">\r\n\t\t            \t\t\t            \t<div class=\"text\">\r\n\t\t            \t\t\t\t            \t\t <span class=\"label\">Address<\/span>\r\n\t\t            \t\t\t\t            \t\t\t\t            \t\t<span class=\"des\">\r\n\t\t\t\t                K\u0131z\u0131lkapanl\u0131 Mah. G\u00f6zolan Sokak No: 18 Pazarc\u0131k \/ Kahramanmara\u015f\t\t\t\t            <\/span>\r\n\t\t\t\t            \t\t\t            <\/div>\r\n\t\t\t       \t\t\r\n\r\n\t\t            \t\r\n\r\n\t\t            \t\t\t            <\/div>\r\n\t\t        <\/div>\r\n\t\t\t\t\t<\/div>\r\n\r\n\t<!-- Style 1 End -->\t\r\n\t\t\r\n\t\t\t\t\t<\/div>\n\t\t\t\t<\/div>\n\t\t\t\t\t<\/div>\n\t\t<\/div>\n\t\t\t\t\t<\/div>\n\t\t<\/section>\n\t\t\t\t<section class=\"elementor-section elementor-top-section elementor-element elementor-element-863b80b elementor-section-content-top elementor-section-full_width elementor-section-height-default elementor-section-height-default\" data-id=\"863b80b\" data-element_type=\"section\" data-e-type=\"section\" data-settings=\"{&quot;background_background&quot;:&quot;classic&quot;}\">\n\t\t\t\t\t\t\t<div class=\"elementor-background-overlay\"><\/div>\n\t\t\t\t\t\t\t<div class=\"elementor-container elementor-column-gap-default\">\n\t\t\t\t\t<div class=\"elementor-column elementor-col-50 elementor-top-column elementor-element elementor-element-0e55c31\" data-id=\"0e55c31\" data-element_type=\"column\" data-e-type=\"column\" data-settings=\"{&quot;background_background&quot;:&quot;classic&quot;}\">\n\t\t\t<div class=\"elementor-widget-wrap\">\n\t\t\t\t\t\t\t<\/div>\n\t\t<\/div>\n\t\t\t\t<div class=\"elementor-column elementor-col-50 elementor-top-column elementor-element elementor-element-e81e969\" data-id=\"e81e969\" data-element_type=\"column\" data-e-type=\"column\" data-settings=\"{&quot;background_background&quot;:&quot;gradient&quot;}\">\n\t\t\t<div class=\"elementor-widget-wrap elementor-element-populated\">\n\t\t\t\t\t<div class=\"elementor-background-overlay\"><\/div>\n\t\t\t\t\t\t<section class=\"elementor-section elementor-inner-section elementor-element elementor-element-2db2a81 elementor-section-boxed elementor-section-height-default elementor-section-height-default\" data-id=\"2db2a81\" data-element_type=\"section\" data-e-type=\"section\" data-settings=\"{&quot;background_background&quot;:&quot;classic&quot;}\">\n\t\t\t\t\t\t<div class=\"elementor-container elementor-column-gap-default\">\n\t\t\t\t\t<div class=\"elementor-column elementor-col-100 elementor-inner-column elementor-element elementor-element-574663a\" data-id=\"574663a\" data-element_type=\"column\" data-e-type=\"column\">\n\t\t\t<div class=\"elementor-widget-wrap elementor-element-populated\">\n\t\t\t\t\t\t<div class=\"elementor-element elementor-element-243a5a1 elementor-widget elementor-widget-rs-heading\" data-id=\"243a5a1\" data-element_type=\"widget\" data-e-type=\"widget\" data-widget_type=\"rs-heading.default\">\n\t\t\t\t<div class=\"elementor-widget-container\">\n\t\t\t\t\t        <div class=\"rs-heading default  \">\r\n        \t<div class=\"title-inner\">\r\n        \t\t      \t\t\r\n\t            <span class=\"sub-text \">Karem Egg<\/span><h2 class=\"title\"><span class=\"watermark\"><\/span>Contact Form<\/h2>\t        <\/div>\r\n\t                <\/div>\r\n\r\n        \t\t\t\t<\/div>\n\t\t\t\t<\/div>\n\t\t\t\t<div class=\"elementor-element elementor-element-7fc8c6d elementor-widget elementor-widget-rs-cf7\" data-id=\"7fc8c6d\" data-element_type=\"widget\" data-e-type=\"widget\" data-widget_type=\"rs-cf7.default\">\n\t\t\t\t<div class=\"elementor-widget-container\">\n\t\t\t\t\t\n<div class=\"wpcf7 no-js\" id=\"wpcf7-f2078-o1\" lang=\"tr-TR\" dir=\"ltr\" data-wpcf7-id=\"2078\">\n<div class=\"screen-reader-response\"><p role=\"status\" aria-live=\"polite\" aria-atomic=\"true\"><\/p> <ul><\/ul><\/div>\n<form action=\"\/en\/wp-json\/wp\/v2\/pages\/9721#wpcf7-f2078-o1\" method=\"post\" class=\"wpcf7-form init\" aria-label=\"\u0130leti\u015fim Formu\" novalidate=\"novalidate\" data-status=\"init\">\n<fieldset class=\"hidden-fields-container\"><input type=\"hidden\" name=\"_wpcf7\" value=\"2078\" \/><input type=\"hidden\" name=\"_wpcf7_version\" value=\"6.1.6\" \/><input type=\"hidden\" name=\"_wpcf7_locale\" value=\"tr_TR\" \/><input type=\"hidden\" name=\"_wpcf7_unit_tag\" value=\"wpcf7-f2078-o1\" \/><input type=\"hidden\" name=\"_wpcf7_container_post\" value=\"0\" \/><input type=\"hidden\" name=\"_wpcf7_posted_data_hash\" value=\"\" \/><input type=\"hidden\" name=\"_wpcf7_recaptcha_response\" value=\"\" \/>\n<\/fieldset>\n<div class=\"row\">\n\t<div class=\"col-sm-6\">\n\t\t<p><span class=\"wpcf7-form-control-wrap\" data-name=\"your-name\"><input size=\"40\" maxlength=\"400\" class=\"wpcf7-form-control wpcf7-text wpcf7-validates-as-required\" aria-required=\"true\" aria-invalid=\"false\" placeholder=\"Ad\u0131n\u0131z\" value=\"\" type=\"text\" name=\"your-name\" \/><\/span>\n\t\t<\/p>\n\t<\/div>\n\t<div class=\"col-sm-6\">\n\t\t<p><span class=\"wpcf7-form-control-wrap\" data-name=\"your-website\"><input size=\"40\" maxlength=\"400\" class=\"wpcf7-form-control wpcf7-text\" aria-invalid=\"false\" placeholder=\"Soyad\u0131n\u0131z\" value=\"\" type=\"text\" name=\"your-website\" \/><\/span>\n\t\t<\/p>\n\t<\/div>\n\t<div class=\"col-sm-6\">\n\t\t<p><span class=\"wpcf7-form-control-wrap\" data-name=\"your-phone\"><input size=\"40\" maxlength=\"400\" class=\"wpcf7-form-control wpcf7-text wpcf7-validates-as-required\" aria-required=\"true\" aria-invalid=\"false\" placeholder=\"Telefon Numaran\u0131z\" value=\"\" type=\"text\" name=\"your-phone\" \/><\/span>\n\t\t<\/p>\n\t<\/div>\n\t<div class=\"col-sm-6\">\n\t\t<p><span class=\"wpcf7-form-control-wrap\" data-name=\"your-email\"><input size=\"40\" maxlength=\"400\" class=\"wpcf7-form-control wpcf7-email wpcf7-validates-as-required wpcf7-text wpcf7-validates-as-email\" aria-required=\"true\" aria-invalid=\"false\" placeholder=\"E-Mail Adresiniz\" value=\"\" type=\"email\" name=\"your-email\" \/><\/span>\n\t\t<\/p>\n\t<\/div>\n\t<div class=\"col-sm-12\">\n\t\t<p><span class=\"wpcf7-form-control-wrap\" data-name=\"your-message\"><textarea cols=\"40\" rows=\"10\" maxlength=\"2000\" class=\"wpcf7-form-control wpcf7-textarea\" aria-invalid=\"false\" placeholder=\"Mesaj\u0131n\u0131z...\" name=\"your-message\"><\/textarea><\/span>\n\t\t<\/p>\n\t<\/div>\n\t<div class=\"form-button col-sm-12\">\n\t\t<p class=\"submit-btn\"><input class=\"wpcf7-form-control wpcf7-submit has-spinner\" type=\"submit\" value=\"G\u00f6nder\" \/>\n\t\t<\/p>\n\t<\/div>\n<\/div><p style=\"display: none !important;\" class=\"akismet-fields-container\" data-prefix=\"_wpcf7_ak_\"><label>&#916;<textarea name=\"_wpcf7_ak_hp_textarea\" cols=\"45\" rows=\"8\" maxlength=\"100\"><\/textarea><\/label><input type=\"hidden\" id=\"ak_js_1\" name=\"_wpcf7_ak_js\" value=\"10\"\/><script type=\"text\/javascript\">\n\/* <![CDATA[ *\/\ndocument.getElementById( \"ak_js_1\" ).setAttribute( \"value\", ( new Date() ).getTime() );\n\/* ]]> *\/\n<\/script>\n<\/p><div class=\"wpcf7-response-output\" aria-hidden=\"true\"><\/div>\n<\/form>\n<\/div>\n\t\t\t\t<\/div>\n\t\t\t\t<\/div>\n\t\t\t\t\t<\/div>\n\t\t<\/div>\n\t\t\t\t\t<\/div>\n\t\t<\/section>\n\t\t\t\t\t<\/div>\n\t\t<\/div>\n\t\t\t\t\t<\/div>\n\t\t<\/section>\n\t\t\t\t<section class=\"elementor-section elementor-top-section elementor-element elementor-element-fbfa420 elementor-section-stretched elementor-section-full_width elementor-section-height-default elementor-section-height-default\" data-id=\"fbfa420\" data-element_type=\"section\" data-e-type=\"section\" data-settings=\"{&quot;stretch_section&quot;:&quot;section-stretched&quot;}\">\n\t\t\t\t\t\t<div class=\"elementor-container elementor-column-gap-default\">\n\t\t\t\t\t<div class=\"elementor-column elementor-col-100 elementor-top-column elementor-element elementor-element-a5c1a16\" data-id=\"a5c1a16\" data-element_type=\"column\" data-e-type=\"column\">\n\t\t\t<div class=\"elementor-widget-wrap elementor-element-populated\">\n\t\t\t\t\t\t<div class=\"elementor-element elementor-element-a742b62 elementor-widget elementor-widget-google_maps\" data-id=\"a742b62\" data-element_type=\"widget\" data-e-type=\"widget\" data-widget_type=\"google_maps.default\">\n\t\t\t\t<div class=\"elementor-widget-container\">\n\t\t\t\t\t\t\t<div class=\"elementor-custom-embed\">\n\t\t\t<iframe loading=\"lazy\"\n\t\t\t\t\tsrc=\"https:\/\/maps.google.com\/maps?q=37.3807376%2C37.298873&#038;t=m&#038;z=12&#038;output=embed&#038;iwloc=near\"\n\t\t\t\t\ttitle=\"37.3807376,37.298873\"\n\t\t\t\t\taria-label=\"37.3807376,37.298873\"\n\t\t\t><\/iframe>\n\t\t<\/div>\n\t\t\t\t\t\t<\/div>\n\t\t\t\t<\/div>\n\t\t\t\t\t<\/div>\n\t\t<\/div>\n\t\t\t\t\t<\/div>\n\t\t<\/section>\n\t\t\t\t<\/div>\n\t\t","protected":false},"excerpt":{"rendered":"<p>Phone Number +90 530 785 71 25 Email Address info@karemyumurta.com Address K\u0131z\u0131lkapanl\u0131 Mah. G\u00f6zolan Sokak No: 18 Pazarc\u0131k \/ Kahramanmara\u015f Karem Egg Contact Form &#916;<\/p>\n","protected":false},"author":1,"featured_media":0,"parent":0,"menu_order":0,"comment_status":"closed","ping_status":"closed","template":"","meta":{"footnotes":""},"class_list":["post-9721","page","type-page","status-publish","hentry"],"yoast_head":"<!-- This site is optimized with the Yoast SEO plugin v27.6 - https:\/\/yoast.com\/product\/yoast-seo-wordpress\/ -->\n<title>Contact - Karem Yumurta<\/title>\n<meta name=\"robots\" content=\"index, follow, max-snippet:-1, max-image-preview:large, max-video-preview:-1\" \/>\n<link rel=\"canonical\" href=\"https:\/\/www.karemyumurta.com\/en\/contact\/\" \/>\n<meta property=\"og:locale\" content=\"en_US\" \/>\n<meta property=\"og:type\" content=\"article\" \/>\n<meta property=\"og:title\" content=\"Contact - Karem Yumurta\" \/>\n<meta property=\"og:description\" content=\"Phone Number +90 530 785 71 25 Email Address info@karemyumurta.com Address K\u0131z\u0131lkapanl\u0131 Mah. G\u00f6zolan Sokak No: 18 Pazarc\u0131k \/ Kahramanmara\u015f Karem Egg Contact Form &#916;\" \/>\n<meta property=\"og:url\" content=\"https:\/\/www.karemyumurta.com\/en\/contact\/\" \/>\n<meta property=\"og:site_name\" content=\"Karem Yumurta\" \/>\n<meta property=\"article:modified_time\" content=\"2022-09-18T22:28:28+00:00\" \/>\n<meta name=\"twitter:card\" content=\"summary_large_image\" \/>\n<meta name=\"twitter:label1\" content=\"Est. reading time\" \/>\n\t<meta name=\"twitter:data1\" content=\"1 minute\" \/>\n<script type=\"application\/ld+json\" class=\"yoast-schema-graph\">{\"@context\":\"https:\\\/\\\/schema.org\",\"@graph\":[{\"@type\":\"WebPage\",\"@id\":\"https:\\\/\\\/www.karemyumurta.com\\\/en\\\/contact\\\/\",\"url\":\"https:\\\/\\\/www.karemyumurta.com\\\/en\\\/contact\\\/\",\"name\":\"Contact - Karem Yumurta\",\"isPartOf\":{\"@id\":\"https:\\\/\\\/www.karemyumurta.com\\\/en\\\/#website\"},\"datePublished\":\"2020-05-01T10:55:01+00:00\",\"dateModified\":\"2022-09-18T22:28:28+00:00\",\"breadcrumb\":{\"@id\":\"https:\\\/\\\/www.karemyumurta.com\\\/en\\\/contact\\\/#breadcrumb\"},\"inLanguage\":\"en-US\",\"potentialAction\":[{\"@type\":\"ReadAction\",\"target\":[\"https:\\\/\\\/www.karemyumurta.com\\\/en\\\/contact\\\/\"]}]},{\"@type\":\"BreadcrumbList\",\"@id\":\"https:\\\/\\\/www.karemyumurta.com\\\/en\\\/contact\\\/#breadcrumb\",\"itemListElement\":[{\"@type\":\"ListItem\",\"position\":1,\"name\":\"Ana sayfa\",\"item\":\"https:\\\/\\\/www.karemyumurta.com\\\/en\\\/\"},{\"@type\":\"ListItem\",\"position\":2,\"name\":\"Contact\"}]},{\"@type\":\"WebSite\",\"@id\":\"https:\\\/\\\/www.karemyumurta.com\\\/en\\\/#website\",\"url\":\"https:\\\/\\\/www.karemyumurta.com\\\/en\\\/\",\"name\":\"Karem Yumurta\",\"description\":\"Karem Yumurta, tam entegre yumurta \u00fcretim tesisi...\",\"publisher\":{\"@id\":\"https:\\\/\\\/www.karemyumurta.com\\\/en\\\/#organization\"},\"potentialAction\":[{\"@type\":\"SearchAction\",\"target\":{\"@type\":\"EntryPoint\",\"urlTemplate\":\"https:\\\/\\\/www.karemyumurta.com\\\/en\\\/?s={search_term_string}\"},\"query-input\":{\"@type\":\"PropertyValueSpecification\",\"valueRequired\":true,\"valueName\":\"search_term_string\"}}],\"inLanguage\":\"en-US\"},{\"@type\":\"Organization\",\"@id\":\"https:\\\/\\\/www.karemyumurta.com\\\/en\\\/#organization\",\"name\":\"Karem Yumurta\",\"url\":\"https:\\\/\\\/www.karemyumurta.com\\\/en\\\/\",\"logo\":{\"@type\":\"ImageObject\",\"inLanguage\":\"en-US\",\"@id\":\"https:\\\/\\\/www.karemyumurta.com\\\/en\\\/#\\\/schema\\\/logo\\\/image\\\/\",\"url\":\"https:\\\/\\\/www.karemyumurta.com\\\/wp-content\\\/uploads\\\/2020\\\/11\\\/karem-logo.png\",\"contentUrl\":\"https:\\\/\\\/www.karemyumurta.com\\\/wp-content\\\/uploads\\\/2020\\\/11\\\/karem-logo.png\",\"width\":500,\"height\":108,\"caption\":\"Karem Yumurta\"},\"image\":{\"@id\":\"https:\\\/\\\/www.karemyumurta.com\\\/en\\\/#\\\/schema\\\/logo\\\/image\\\/\"}}]}<\/script>\n<!-- \/ Yoast SEO plugin. -->","yoast_head_json":{"title":"Contact - Karem Yumurta","robots":{"index":"index","follow":"follow","max-snippet":"max-snippet:-1","max-image-preview":"max-image-preview:large","max-video-preview":"max-video-preview:-1"},"canonical":"https:\/\/www.karemyumurta.com\/en\/contact\/","og_locale":"en_US","og_type":"article","og_title":"Contact - Karem Yumurta","og_description":"Phone Number +90 530 785 71 25 Email Address info@karemyumurta.com Address K\u0131z\u0131lkapanl\u0131 Mah. G\u00f6zolan Sokak No: 18 Pazarc\u0131k \/ Kahramanmara\u015f Karem Egg Contact Form &#916;","og_url":"https:\/\/www.karemyumurta.com\/en\/contact\/","og_site_name":"Karem Yumurta","article_modified_time":"2022-09-18T22:28:28+00:00","twitter_card":"summary_large_image","twitter_misc":{"Est. reading time":"1 minute"},"schema":{"@context":"https:\/\/schema.org","@graph":[{"@type":"WebPage","@id":"https:\/\/www.karemyumurta.com\/en\/contact\/","url":"https:\/\/www.karemyumurta.com\/en\/contact\/","name":"Contact - Karem Yumurta","isPartOf":{"@id":"https:\/\/www.karemyumurta.com\/en\/#website"},"datePublished":"2020-05-01T10:55:01+00:00","dateModified":"2022-09-18T22:28:28+00:00","breadcrumb":{"@id":"https:\/\/www.karemyumurta.com\/en\/contact\/#breadcrumb"},"inLanguage":"en-US","potentialAction":[{"@type":"ReadAction","target":["https:\/\/www.karemyumurta.com\/en\/contact\/"]}]},{"@type":"BreadcrumbList","@id":"https:\/\/www.karemyumurta.com\/en\/contact\/#breadcrumb","itemListElement":[{"@type":"ListItem","position":1,"name":"Ana sayfa","item":"https:\/\/www.karemyumurta.com\/en\/"},{"@type":"ListItem","position":2,"name":"Contact"}]},{"@type":"WebSite","@id":"https:\/\/www.karemyumurta.com\/en\/#website","url":"https:\/\/www.karemyumurta.com\/en\/","name":"Karem Yumurta","description":"Karem Yumurta, tam entegre yumurta \u00fcretim tesisi...","publisher":{"@id":"https:\/\/www.karemyumurta.com\/en\/#organization"},"potentialAction":[{"@type":"SearchAction","target":{"@type":"EntryPoint","urlTemplate":"https:\/\/www.karemyumurta.com\/en\/?s={search_term_string}"},"query-input":{"@type":"PropertyValueSpecification","valueRequired":true,"valueName":"search_term_string"}}],"inLanguage":"en-US"},{"@type":"Organization","@id":"https:\/\/www.karemyumurta.com\/en\/#organization","name":"Karem Yumurta","url":"https:\/\/www.karemyumurta.com\/en\/","logo":{"@type":"ImageObject","inLanguage":"en-US","@id":"https:\/\/www.karemyumurta.com\/en\/#\/schema\/logo\/image\/","url":"https:\/\/www.karemyumurta.com\/wp-content\/uploads\/2020\/11\/karem-logo.png","contentUrl":"https:\/\/www.karemyumurta.com\/wp-content\/uploads\/2020\/11\/karem-logo.png","width":500,"height":108,"caption":"Karem Yumurta"},"image":{"@id":"https:\/\/www.karemyumurta.com\/en\/#\/schema\/logo\/image\/"}}]}},"_links":{"self":[{"href":"https:\/\/www.karemyumurta.com\/en\/wp-json\/wp\/v2\/pages\/9721","targetHints":{"allow":["GET"]}}],"collection":[{"href":"https:\/\/www.karemyumurta.com\/en\/wp-json\/wp\/v2\/pages"}],"about":[{"href":"https:\/\/www.karemyumurta.com\/en\/wp-json\/wp\/v2\/types\/page"}],"author":[{"embeddable":true,"href":"https:\/\/www.karemyumurta.com\/en\/wp-json\/wp\/v2\/users\/1"}],"replies":[{"embeddable":true,"href":"https:\/\/www.karemyumurta.com\/en\/wp-json\/wp\/v2\/comments?post=9721"}],"version-history":[{"count":7,"href":"https:\/\/www.karemyumurta.com\/en\/wp-json\/wp\/v2\/pages\/9721\/revisions"}],"predecessor-version":[{"id":10294,"href":"https:\/\/www.karemyumurta.com\/en\/wp-json\/wp\/v2\/pages\/9721\/revisions\/10294"}],"wp:attachment":[{"href":"https:\/\/www.karemyumurta.com\/en\/wp-json\/wp\/v2\/media?parent=9721"}],"curies":[{"name":"wp","href":"https:\/\/api.w.org\/{rel}","templated":true}]}}